{"id":8,"date":"2020-03-17T12:28:22","date_gmt":"2020-03-17T12:28:22","guid":{"rendered":"https:\/\/dad.md\/dad-management\/?page_id=8"},"modified":"2025-10-16T16:16:06","modified_gmt":"2025-10-16T13:16:06","slug":"dad-management","status":"publish","type":"page","link":"https:\/\/dad.md\/dad-management\/","title":{"rendered":"DAD Management"},"content":{"rendered":"\n<p><strong>Primul text din pagin\u0103, unde scrie \u201dContextul conteaz\u0103\u201d<\/strong> si DAD Management<\/p>\n\n\n\n<p>Prest\u0103m servicii de director financiar (CFO), oferim suport companiilor din Republica Moldova \u0219i Rom\u00e2nia. Serviciile noastre accelereaz\u0103 dezvoltarea companiilor, \u00eent\u0103re\u0219te pozi\u021bia lor financiar\u0103 \u0219i diminueaz\u0103 riscurile opera\u021bionale.<\/p>\n\n\n\n<p class=\"has-cyan-bluish-gray-background-color has-background\">Un Director Financiar \u00ee\u021bi ajut\u0103 compania s\u0103 treac\u0103 la urm\u0103torul nivel de dezvoltare.<\/p>\n\n\n\n<p>Vezi mai jos cu ce te putem ajuta \u0219i contacteaz\u0103-ne pentru o discu\u021bie.<br><br><a href=\"https:\/\/www.youtube.com\/c\/DADACCOUNTANT\" target=\"_blank\" rel=\"noreferrer noopener\">DAD Podcast<\/a> pe canalul de Youtube<\/p>\n\n\n\n<p><strong>Seria de podcasturi DAD Podcast reprezint\u0103 discu\u021bii cu antreprenori \u0219i exper\u021bi din diferite ni\u0219e, discu\u021bii \u00een care abord\u0103m specificul mediului de afaceri local \u0219i oportunit\u0103\u021bile pe care le ofer\u0103 acesta.<\/strong><\/p>\n\n\n\n<h4 class=\"wp-block-heading\">Cum are loc magia managementului financiar<\/h4>\n\n\n\n<ul class=\"wp-block-list\">\n<li>Informa\u021bia minim\u0103 pe care trebuie s\u0103 o cunoasc\u0103 un antreprenor despre bilan\u021b, profit \u0219i pierdere \u0219i flux de numerar<\/li>\n\n\n\n<li>Analiz\u0103 financiar\u0103 \u0219i planificare<br>Administrarea resurselor financiare<br>Urm\u0103rirea profitabilit\u0103\u021bii companiei<br>Bugetare<br>Prognozare<br>Administrarea riscurilor<br>Administrarea activit\u0103\u021bilor \u00een out-source<br>Decizii privind structura finan\u021b\u0103rilor<br>Respectarea reglement\u0103rilor legale<\/li>\n<\/ul>\n\n\n\n<h4 class=\"wp-block-heading\">Rolul unui 5 Director Financiar<\/h4>\n\n\n\n<p>Obiectivele Managementului Financiar;<\/p>\n\n\n\n<p>Maximizarea profitului;<\/p>\n\n\n\n<p>Un pic mai vag Implic\u0103 riscuri mai \u00eenalte evit\u0103 consider\u0103rile sociale.<\/p>\n\n\n\n<h3 class=\"wp-block-heading\">Maximizarea averii<\/h3>\n\n\n\n<p>Calculeaz\u0103 \u0219i administreaz\u0103 valoarea curent\u0103 a profiturilor economice ulterioare;<br>\u00cembun\u0103t\u0103\u021be\u0219te valoarea curent\u0103 a profiturilor economice ulterioare.<\/p>\n\n\n\n<p>Minimul informa\u021biilor pe care trebuie s\u0103-l cunoasc\u0103<br>antreprenorii despre finan\u021bele companiei<\/p>\n\n\n\n<p>Introducerea \u00een situa\u021biile financiare<br>Ce \u00eenseamn\u0103 cuno\u0219tin\u021be financiare?<\/p>\n\n\n\n<p>Situa\u021bia de Profit \u0219i Pierdere<\/p>\n\n\n\n<p>Bilan\u021bul \u0219i DAD Management<\/p>\n\n\n\n<p>Exerci\u021biu de \u00eentocmire a siuta\u021biilor financiare<br>O abordare logic\u0103 pentru a \u00een\u021belege mai bine<\/p>\n\n\n\n<p>Diferen\u021ba dintre Venit, Cheltuial\u0103, Activ, Pasiv, Profit \u0219i Cash<\/p>\n\n\n\n<p>Introducerea \u00een situa\u021biile financiare<br>Ce \u00eenseamn\u0103 cuno\u0219tin\u021be 1 financiare?<\/p>\n\n\n\n<p>Educa\u021bia financiar\u0103 const\u0103 \u00een mare parte din capacitatea cuiva s\u0103 citeasc\u0103 \u0219i s\u0103 \u00een\u021beleag\u0103:<\/p>\n\n\n\n<p>o situa\u021bie de profit \u0219i pierdere;<\/p>\n\n\n\n<p>ofer\u0103 informa\u021bia necesar\u0103 despre pozi\u021bia financiar\u0103 a companiei:<\/p>\n\n\n\n<ul class=\"wp-block-list\">\n<li>Cine a finan\u021bat<\/li>\n\n\n\n<li>Ce active au fost finan\u021bate<\/li>\n\n\n\n<li>Stabilitatea companiei pe termen lung<\/li>\n\n\n\n<li>Gradul de insolvabilitate<\/li>\n\n\n\n<li>Valoarea net\u0103 a companiei<\/li>\n<\/ul>\n\n\n\n<p>Prest\u0103m servicii de director financiar (CFO), oferim suport companiilor din Republica Moldova \u0219i Rom\u00e2nia. Serviciile noastre accelereaz\u0103 dezvoltarea companiilor, \u00eent\u0103re\u0219te pozi\u021bia lor financiar\u0103 \u0219i diminueaz\u0103 riscurile opera\u021bionale.<\/p>\n\n\n\n<p>Un <a href=\"https:\/\/dad.md\/dad-management\/raportare-financiara-si-manageriala\/\" target=\"_blank\" rel=\"noreferrer noopener\">Director Financiar <\/a>\u00ee\u021bi ajut\u0103 compania s\u0103 treac\u0103 la urm\u0103torul nivel de dezvoltare.<\/p>\n\n\n\n<p><strong>Vezi mai jos cu ce te putem ajuta \u0219i contacteaz\u0103-ne pentru o discu\u021bie.<\/strong><\/p>\n","protected":false},"excerpt":{"rendered":"<p>Primul text din pagin\u0103, unde scrie \u201dContextul conteaz\u0103\u201d si DAD Management Prest\u0103m servicii de director financiar (CFO), oferim suport companiilor&#8230;<\/p>\n","protected":false},"author":1,"featured_media":652,"parent":0,"menu_order":0,"comment_status":"closed","ping_status":"closed","template":"pages\/builder.php","meta":{"footnotes":""},"class_list":["post-8","page","type-page","status-publish","has-post-thumbnail","hentry"],"yoast_head":"<!-- This site is optimized with the Yoast SEO plugin v27.6 - https:\/\/yoast.com\/product\/yoast-seo-wordpress\/ -->\n<title>Servicii de director financiar<\/title>\n<meta name=\"description\" content=\"DAD Management presteaz\u0103 servicii de director financiar (CFO), accelereaz\u0103 dezvoltarea companiilor, \u00eent\u0103re\u0219te pozi\u021bia lor financiar\u0103 \u0219i ...\" \/>\n<meta name=\"robots\" content=\"index, follow, max-snippet:-1, max-image-preview:large, max-video-preview:-1\" \/>\n<link rel=\"canonical\" href=\"https:\/\/dad.md\/dad-management\/\" \/>\n<meta property=\"og:locale\" content=\"ro_RO\" \/>\n<meta property=\"og:type\" content=\"article\" \/>\n<meta property=\"og:title\" content=\"Servicii de director financiar\" \/>\n<meta property=\"og:description\" content=\"DAD Management presteaz\u0103 servicii de director financiar (CFO), accelereaz\u0103 dezvoltarea companiilor, \u00eent\u0103re\u0219te pozi\u021bia lor financiar\u0103 \u0219i ...\" \/>\n<meta property=\"og:url\" content=\"https:\/\/dad.md\/dad-management\/\" \/>\n<meta property=\"og:site_name\" content=\"Servicii de director financiar\" \/>\n<meta property=\"article:modified_time\" content=\"2025-10-16T13:16:06+00:00\" \/>\n<meta property=\"og:image\" content=\"https:\/\/dad.md\/dad-management\/wp-content\/uploads\/sites\/5\/2022\/06\/DAD-Management.jpg\" \/>\n\t<meta property=\"og:image:width\" content=\"1837\" \/>\n\t<meta property=\"og:image:height\" content=\"857\" \/>\n\t<meta property=\"og:image:type\" content=\"image\/jpeg\" \/>\n<meta name=\"twitter:card\" content=\"summary_large_image\" \/>\n<meta name=\"twitter:label1\" content=\"Timp estimat pentru citire\" \/>\n\t<meta name=\"twitter:data1\" content=\"3 minute\" \/>\n<script type=\"application\/ld+json\" class=\"yoast-schema-graph\">{\"@context\":\"https:\\\/\\\/schema.org\",\"@graph\":[{\"@type\":\"WebPage\",\"@id\":\"https:\\\/\\\/dad.md\\\/dad-management\\\/\",\"url\":\"https:\\\/\\\/dad.md\\\/dad-management\\\/\",\"name\":\"Servicii de director financiar\",\"isPartOf\":{\"@id\":\"https:\\\/\\\/dad.md\\\/dad-management\\\/#website\"},\"primaryImageOfPage\":{\"@id\":\"https:\\\/\\\/dad.md\\\/dad-management\\\/#primaryimage\"},\"image\":{\"@id\":\"https:\\\/\\\/dad.md\\\/dad-management\\\/#primaryimage\"},\"thumbnailUrl\":\"https:\\\/\\\/dad.md\\\/dad-management\\\/wp-content\\\/uploads\\\/sites\\\/5\\\/2022\\\/06\\\/DAD-Management.jpg\",\"datePublished\":\"2020-03-17T12:28:22+00:00\",\"dateModified\":\"2025-10-16T13:16:06+00:00\",\"description\":\"DAD Management presteaz\u0103 servicii de director financiar (CFO), accelereaz\u0103 dezvoltarea companiilor, \u00eent\u0103re\u0219te pozi\u021bia lor financiar\u0103 \u0219i ...\",\"breadcrumb\":{\"@id\":\"https:\\\/\\\/dad.md\\\/dad-management\\\/#breadcrumb\"},\"inLanguage\":\"ro-RO\",\"potentialAction\":[{\"@type\":\"ReadAction\",\"target\":[\"https:\\\/\\\/dad.md\\\/dad-management\\\/\"]}]},{\"@type\":\"ImageObject\",\"inLanguage\":\"ro-RO\",\"@id\":\"https:\\\/\\\/dad.md\\\/dad-management\\\/#primaryimage\",\"url\":\"https:\\\/\\\/dad.md\\\/dad-management\\\/wp-content\\\/uploads\\\/sites\\\/5\\\/2022\\\/06\\\/DAD-Management.jpg\",\"contentUrl\":\"https:\\\/\\\/dad.md\\\/dad-management\\\/wp-content\\\/uploads\\\/sites\\\/5\\\/2022\\\/06\\\/DAD-Management.jpg\",\"width\":1837,\"height\":857,\"caption\":\"DAD Management\"},{\"@type\":\"BreadcrumbList\",\"@id\":\"https:\\\/\\\/dad.md\\\/dad-management\\\/#breadcrumb\",\"itemListElement\":[{\"@type\":\"ListItem\",\"position\":1,\"name\":\"Home\",\"item\":\"https:\\\/\\\/dad.md\\\/dad-management\\\/\"},{\"@type\":\"ListItem\",\"position\":2,\"name\":\"DAD Management\"}]},{\"@type\":\"WebSite\",\"@id\":\"https:\\\/\\\/dad.md\\\/dad-management\\\/#website\",\"url\":\"https:\\\/\\\/dad.md\\\/dad-management\\\/\",\"name\":\"Servicii de director financiar\",\"description\":\"DAD Management\",\"publisher\":{\"@id\":\"https:\\\/\\\/dad.md\\\/dad-management\\\/#organization\"},\"potentialAction\":[{\"@type\":\"SearchAction\",\"target\":{\"@type\":\"EntryPoint\",\"urlTemplate\":\"https:\\\/\\\/dad.md\\\/dad-management\\\/?s={search_term_string}\"},\"query-input\":{\"@type\":\"PropertyValueSpecification\",\"valueRequired\":true,\"valueName\":\"search_term_string\"}}],\"inLanguage\":\"ro-RO\"},{\"@type\":\"Organization\",\"@id\":\"https:\\\/\\\/dad.md\\\/dad-management\\\/#organization\",\"name\":\"DAD Management\",\"url\":\"https:\\\/\\\/dad.md\\\/dad-management\\\/\",\"logo\":{\"@type\":\"ImageObject\",\"inLanguage\":\"ro-RO\",\"@id\":\"https:\\\/\\\/dad.md\\\/dad-management\\\/#\\\/schema\\\/logo\\\/image\\\/\",\"url\":\"https:\\\/\\\/dad.md\\\/dad-management\\\/wp-content\\\/uploads\\\/sites\\\/5\\\/2020\\\/04\\\/Logo-Management.svg\",\"contentUrl\":\"https:\\\/\\\/dad.md\\\/dad-management\\\/wp-content\\\/uploads\\\/sites\\\/5\\\/2020\\\/04\\\/Logo-Management.svg\",\"width\":242,\"height\":45,\"caption\":\"DAD Management\"},\"image\":{\"@id\":\"https:\\\/\\\/dad.md\\\/dad-management\\\/#\\\/schema\\\/logo\\\/image\\\/\"}}]}<\/script>\n<!-- \/ Yoast SEO plugin. -->","yoast_head_json":{"title":"Servicii de director financiar","description":"DAD Management presteaz\u0103 servicii de director financiar (CFO), accelereaz\u0103 dezvoltarea companiilor, \u00eent\u0103re\u0219te pozi\u021bia lor financiar\u0103 \u0219i ...","robots":{"index":"index","follow":"follow","max-snippet":"max-snippet:-1","max-image-preview":"max-image-preview:large","max-video-preview":"max-video-preview:-1"},"canonical":"https:\/\/dad.md\/dad-management\/","og_locale":"ro_RO","og_type":"article","og_title":"Servicii de director financiar","og_description":"DAD Management presteaz\u0103 servicii de director financiar (CFO), accelereaz\u0103 dezvoltarea companiilor, \u00eent\u0103re\u0219te pozi\u021bia lor financiar\u0103 \u0219i ...","og_url":"https:\/\/dad.md\/dad-management\/","og_site_name":"Servicii de director financiar","article_modified_time":"2025-10-16T13:16:06+00:00","og_image":[{"width":1837,"height":857,"url":"https:\/\/dad.md\/dad-management\/wp-content\/uploads\/sites\/5\/2022\/06\/DAD-Management.jpg","type":"image\/jpeg"}],"twitter_card":"summary_large_image","twitter_misc":{"Timp estimat pentru citire":"3 minute"},"schema":{"@context":"https:\/\/schema.org","@graph":[{"@type":"WebPage","@id":"https:\/\/dad.md\/dad-management\/","url":"https:\/\/dad.md\/dad-management\/","name":"Servicii de director financiar","isPartOf":{"@id":"https:\/\/dad.md\/dad-management\/#website"},"primaryImageOfPage":{"@id":"https:\/\/dad.md\/dad-management\/#primaryimage"},"image":{"@id":"https:\/\/dad.md\/dad-management\/#primaryimage"},"thumbnailUrl":"https:\/\/dad.md\/dad-management\/wp-content\/uploads\/sites\/5\/2022\/06\/DAD-Management.jpg","datePublished":"2020-03-17T12:28:22+00:00","dateModified":"2025-10-16T13:16:06+00:00","description":"DAD Management presteaz\u0103 servicii de director financiar (CFO), accelereaz\u0103 dezvoltarea companiilor, \u00eent\u0103re\u0219te pozi\u021bia lor financiar\u0103 \u0219i ...","breadcrumb":{"@id":"https:\/\/dad.md\/dad-management\/#breadcrumb"},"inLanguage":"ro-RO","potentialAction":[{"@type":"ReadAction","target":["https:\/\/dad.md\/dad-management\/"]}]},{"@type":"ImageObject","inLanguage":"ro-RO","@id":"https:\/\/dad.md\/dad-management\/#primaryimage","url":"https:\/\/dad.md\/dad-management\/wp-content\/uploads\/sites\/5\/2022\/06\/DAD-Management.jpg","contentUrl":"https:\/\/dad.md\/dad-management\/wp-content\/uploads\/sites\/5\/2022\/06\/DAD-Management.jpg","width":1837,"height":857,"caption":"DAD Management"},{"@type":"BreadcrumbList","@id":"https:\/\/dad.md\/dad-management\/#breadcrumb","itemListElement":[{"@type":"ListItem","position":1,"name":"Home","item":"https:\/\/dad.md\/dad-management\/"},{"@type":"ListItem","position":2,"name":"DAD Management"}]},{"@type":"WebSite","@id":"https:\/\/dad.md\/dad-management\/#website","url":"https:\/\/dad.md\/dad-management\/","name":"Servicii de director financiar","description":"DAD Management","publisher":{"@id":"https:\/\/dad.md\/dad-management\/#organization"},"potentialAction":[{"@type":"SearchAction","target":{"@type":"EntryPoint","urlTemplate":"https:\/\/dad.md\/dad-management\/?s={search_term_string}"},"query-input":{"@type":"PropertyValueSpecification","valueRequired":true,"valueName":"search_term_string"}}],"inLanguage":"ro-RO"},{"@type":"Organization","@id":"https:\/\/dad.md\/dad-management\/#organization","name":"DAD Management","url":"https:\/\/dad.md\/dad-management\/","logo":{"@type":"ImageObject","inLanguage":"ro-RO","@id":"https:\/\/dad.md\/dad-management\/#\/schema\/logo\/image\/","url":"https:\/\/dad.md\/dad-management\/wp-content\/uploads\/sites\/5\/2020\/04\/Logo-Management.svg","contentUrl":"https:\/\/dad.md\/dad-management\/wp-content\/uploads\/sites\/5\/2020\/04\/Logo-Management.svg","width":242,"height":45,"caption":"DAD Management"},"image":{"@id":"https:\/\/dad.md\/dad-management\/#\/schema\/logo\/image\/"}}]}},"_links":{"self":[{"href":"https:\/\/dad.md\/dad-management\/wp-json\/wp\/v2\/pages\/8","targetHints":{"allow":["GET"]}}],"collection":[{"href":"https:\/\/dad.md\/dad-management\/wp-json\/wp\/v2\/pages"}],"about":[{"href":"https:\/\/dad.md\/dad-management\/wp-json\/wp\/v2\/types\/page"}],"author":[{"embeddable":true,"href":"https:\/\/dad.md\/dad-management\/wp-json\/wp\/v2\/users\/1"}],"replies":[{"embeddable":true,"href":"https:\/\/dad.md\/dad-management\/wp-json\/wp\/v2\/comments?post=8"}],"version-history":[{"count":127,"href":"https:\/\/dad.md\/dad-management\/wp-json\/wp\/v2\/pages\/8\/revisions"}],"predecessor-version":[{"id":1305,"href":"https:\/\/dad.md\/dad-management\/wp-json\/wp\/v2\/pages\/8\/revisions\/1305"}],"wp:featuredmedia":[{"embeddable":true,"href":"https:\/\/dad.md\/dad-management\/wp-json\/wp\/v2\/media\/652"}],"wp:attachment":[{"href":"https:\/\/dad.md\/dad-management\/wp-json\/wp\/v2\/media?parent=8"}],"curies":[{"name":"wp","href":"https:\/\/api.w.org\/{rel}","templated":true}]}}