{"id":7,"date":"2020-03-16T08:19:10","date_gmt":"2020-03-16T08:19:10","guid":{"rendered":"https:\/\/dad.md\/dad-accountat\/?page_id=7"},"modified":"2026-03-25T11:58:00","modified_gmt":"2026-03-25T08:58:00","slug":"servicii-de-contabilitate-chisinau","status":"publish","type":"page","link":"https:\/\/dad.md\/dad-accountant\/","title":{"rendered":"Servicii de contabilitate Chisinau &#8211; DAD Accountant"},"content":{"rendered":"\n<p>DAD Accountant ofer\u0103 servicii de contabilitate in Chisinau anume \u00eendreptate spre bun\u0103starea \u0219i accelerarea startup-lor \u0219i companiilor mici.<\/p>\n\n\n\n<p>\u00cen dependen\u021b\u0103 de necesit\u0103\u021bile fondatorilor\/administratorilor, serviciile de contabilitate ofer\u0103 posibilitatea s\u0103 ob\u021bin\u0103 o analiz\u0103 ampl\u0103 asupra statutului companiei. Parcursului acesteia, direc\u021bia de dezvoltare \u0219i rezultatele strategiilor pe care le aplic\u0103.<\/p>\n\n\n\n<p>DAD Accountant ajut\u0103 companiile \u00een urm\u0103toarele direc\u021bii:<\/p>\n\n\n\n<p>Ghidarea \u00een parcursul administrativ al fondatorilor\/administratorilor.<br>Respectarea reglement\u0103rilor.<br>Eviden\u021ba contabil\u0103 corect\u0103 \u0219i la timp.<br>Raportare \u0219i analiz\u0103 financiar\u0103.<\/p>\n\n\n\n<h2 class=\"wp-block-heading\">Servicii de contabilitate Chisinau &#8211; DAD Accountant<\/h2>\n\n\n\n<p>DAD Accountant ofer\u0103 posibilitatea companiilor medii de a externaliza complet contabilitatea. \u00cencep\u00e2nd cu eviden\u021ba contabil\u0103 si servicii de contabilitate in Chisinau. Pentru anumite ramuri ale companiei p\u00e2n\u0103 la externalizarea serviciilor aferente contabilului \u0219ef.<\/p>\n\n\n\n<ul class=\"wp-block-list\">\n<li>Servicii de contabilitate Chi\u0219in\u0103u conform Standardelor Na\u021bionale de Contabilitate \u0219i IFRS<\/li>\n\n\n\n<li>Preg\u0103tirea tuturor tipurilor de raportare: pentru Statistic\u0103, <a href=\"https:\/\/sfs.md\/ro\" target=\"_blank\" aria-label=\"undefined (se deschide \u00eentr-o fil\u0103 nou\u0103)\" rel=\"noreferrer noopener\">Serviciul Fiscal<\/a>, CNAS, CNAM, CNPF, etc.<\/li>\n<\/ul>\n\n\n\n<p>Servicii de contabilitate Chisinau, precum \u0219i serviciile aferente ale contabilit\u0103\u021bii pot fi adaptate pentru a \u00eendeplini cerin\u021bele exacte ale companiei tale. \u00cencep\u00e2nd cu servicii de contabilitate primar\u0103 \u0219i calculul impozitelor, ajung\u00e2nd la <a href=\"https:\/\/accountant.md\/\">servicii contabile<\/a> p\u00e2n\u0103 la asistarea angaja\u021bilor la raport\u0103rile pe care le execut\u0103.<\/p>\n\n\n\n<p>Pe parcursul misiunilor noastre de contabilitate constant. Perfec\u021bion\u0103m procesele de lucru pentru a asigura nivelul cel mai \u00eenalt al serviciilor prestate.<\/p>\n\n\n\n<h4 class=\"wp-block-heading\">Avem experien\u021ba recent\u0103 \u00een organizarea contabilit\u0103\u021bii a numeroase companii<\/h4>\n\n\n\n<figure class=\"wp-block-gallery has-nested-images columns-default is-cropped wp-block-gallery-1 is-layout-flex wp-block-gallery-is-layout-flex\">\n<figure class=\"wp-block-image size-large\"><img loading=\"lazy\" decoding=\"async\" width=\"1024\" height=\"504\" data-id=\"2170\" src=\"https:\/\/dad.md\/dad-accountant\/wp-content\/uploads\/sites\/3\/2022\/03\/Servicii-de-contabilitate-in-chisinau-DAD-Accountant.-1024x504.jpg\" alt=\"Servicii de contabilitate in chisinau - DAD Accountant.\" class=\"wp-image-2170\" srcset=\"https:\/\/dad.md\/dad-accountant\/wp-content\/uploads\/sites\/3\/2022\/03\/Servicii-de-contabilitate-in-chisinau-DAD-Accountant.-1024x504.jpg 1024w, https:\/\/dad.md\/dad-accountant\/wp-content\/uploads\/sites\/3\/2022\/03\/Servicii-de-contabilitate-in-chisinau-DAD-Accountant.-300x148.jpg 300w, https:\/\/dad.md\/dad-accountant\/wp-content\/uploads\/sites\/3\/2022\/03\/Servicii-de-contabilitate-in-chisinau-DAD-Accountant.-768x378.jpg 768w, https:\/\/dad.md\/dad-accountant\/wp-content\/uploads\/sites\/3\/2022\/03\/Servicii-de-contabilitate-in-chisinau-DAD-Accountant.-1536x755.jpg 1536w, https:\/\/dad.md\/dad-accountant\/wp-content\/uploads\/sites\/3\/2022\/03\/Servicii-de-contabilitate-in-chisinau-DAD-Accountant..jpg 1836w\" sizes=\"auto, (max-width: 1024px) 100vw, 1024px\" \/><figcaption class=\"wp-element-caption\">Servicii de contabilitate in chisinau &#8211; DAD Accountant.<\/figcaption><\/figure>\n<\/figure>\n\n\n\n<p>din sectorul financiar nebancar (creditare nebancar\u0103, leasing), din sectorul asigur\u0103rilor (intermedieri de asigur\u0103ri ca \u0219i agen\u021bi de asigur\u0103ri \u0219i brokeri). Din sectorul agricol (produc\u0103tori \u0219i exportatori de produse agricole), din sectorul de producere \u0219i manufactur\u0103. Fabrici, linii de \u00eembuteliere, uzine, companii de construc\u021bie etc.). Din sectorul serviciilor (din toate domeniile majore existente pe pia\u021ba local\u0103 \u2013 IT, juridic, transport, etc.). Din sectorul comer\u021bului (cu ridicata \u0219i am\u0103nuntul), din sectorul non comercial, etc.<\/p>\n\n\n\n<p>Echipa DAD Accountant con\u021bine membri ai persoanelor cheie la elaborarea Standardelor Na\u021bionale de Contabilitate. Adaptarea Standardelor Interna\u021bionale de Audit pe plan local \u0219i publicarea c\u0103r\u021bilor \u0219i articolelor de referin\u021b\u0103 profesional\u0103 din domeniu.<\/p>\n\n\n\n<p>Echipa de contabilitate a companiilor din DAD Group const\u0103 \u00een peste 25 angaja\u021bi. Auditorii \u0219i contabilii DAD Group urmeaz\u0103 cursuri de preg\u0103tire profesional\u0103 \u00een domeniul contabilit\u0103\u021bii \u0219i auditului financiar. Unii din ace\u0219tia fiind studen\u021bi \u0219i deja absolven\u021bi ACCA. Auditori licen\u021bia\u021bi de Ministerul Finan\u021belor \u0219i Comisia Na\u021bional\u0103 a Pie\u021bii Financiare. Echipa include exper\u021bi contabili, consultan\u021bi fiscali, exper\u021bi \u00een evaluare \u0219i al\u021bi speciali\u0219ti.<br><br><a href=\"https:\/\/dad.md\/dad-accountant\/\">https:\/\/dad.md\/dad-accountant\/<\/a><\/p>\n","protected":false},"excerpt":{"rendered":"<p>DAD Accountant ofer\u0103 servicii de contabilitate in Chisinau anume \u00eendreptate spre bun\u0103starea \u0219i accelerarea startup-lor \u0219i companiilor mici. \u00cen dependen\u021b\u0103&#8230;<\/p>\n","protected":false},"author":1,"featured_media":2170,"parent":0,"menu_order":0,"comment_status":"closed","ping_status":"closed","template":"pages\/builder.php","meta":{"footnotes":""},"class_list":["post-7","page","type-page","status-publish","has-post-thumbnail","hentry"],"yoast_head":"<!-- This site is optimized with the Yoast SEO plugin v27.6 - https:\/\/yoast.com\/product\/yoast-seo-wordpress\/ -->\n<title>Servicii de Contabilitate Chisinau - DAD Accountant<\/title>\n<meta name=\"description\" content=\"Salut, Suntem DAD Accountant, prest\u0103m servicii de contabilitate in Chisinau. Administrarea documenta\u021biei HR. Vezi aici pe site ...\" \/>\n<meta name=\"robots\" content=\"index, follow, max-snippet:-1, max-image-preview:large, max-video-preview:-1\" \/>\n<link rel=\"canonical\" href=\"https:\/\/dad.md\/dad-accountant\/\" \/>\n<meta property=\"og:locale\" content=\"ro_RO\" \/>\n<meta property=\"og:type\" content=\"article\" \/>\n<meta property=\"og:title\" content=\"Servicii de Contabilitate Chisinau - DAD Accountant\" \/>\n<meta property=\"og:description\" content=\"Salut, Suntem DAD Accountant, prest\u0103m servicii de contabilitate in Chisinau. Administrarea documenta\u021biei HR. Vezi aici pe site ...\" \/>\n<meta property=\"og:url\" content=\"https:\/\/dad.md\/dad-accountant\/\" \/>\n<meta property=\"og:site_name\" content=\"Servicii de contabilitate\" \/>\n<meta property=\"article:publisher\" content=\"https:\/\/www.facebook.com\/dadaccountant\/\" \/>\n<meta property=\"article:modified_time\" content=\"2026-03-25T08:58:00+00:00\" \/>\n<meta property=\"og:image\" content=\"https:\/\/dad.md\/dad-accountant\/wp-content\/uploads\/sites\/3\/2022\/03\/Servicii-de-contabilitate-in-chisinau-DAD-Accountant..jpg\" \/>\n\t<meta property=\"og:image:width\" content=\"1836\" \/>\n\t<meta property=\"og:image:height\" content=\"903\" \/>\n\t<meta property=\"og:image:type\" content=\"image\/jpeg\" \/>\n<meta name=\"twitter:card\" content=\"summary_large_image\" \/>\n<meta name=\"twitter:label1\" content=\"Timp estimat pentru citire\" \/>\n\t<meta name=\"twitter:data1\" content=\"3 minute\" \/>\n<script type=\"application\/ld+json\" class=\"yoast-schema-graph\">{\"@context\":\"https:\\\/\\\/schema.org\",\"@graph\":[{\"@type\":\"WebPage\",\"@id\":\"https:\\\/\\\/dad.md\\\/dad-accountant\\\/\",\"url\":\"https:\\\/\\\/dad.md\\\/dad-accountant\\\/\",\"name\":\"Servicii de Contabilitate Chisinau - DAD Accountant\",\"isPartOf\":{\"@id\":\"https:\\\/\\\/dad.md\\\/dad-accountant\\\/#website\"},\"primaryImageOfPage\":{\"@id\":\"https:\\\/\\\/dad.md\\\/dad-accountant\\\/#primaryimage\"},\"image\":{\"@id\":\"https:\\\/\\\/dad.md\\\/dad-accountant\\\/#primaryimage\"},\"thumbnailUrl\":\"https:\\\/\\\/dad.md\\\/dad-accountant\\\/wp-content\\\/uploads\\\/sites\\\/3\\\/2022\\\/03\\\/Servicii-de-contabilitate-in-chisinau-DAD-Accountant..jpg\",\"datePublished\":\"2020-03-16T08:19:10+00:00\",\"dateModified\":\"2026-03-25T08:58:00+00:00\",\"description\":\"Salut, Suntem DAD Accountant, prest\u0103m servicii de contabilitate in Chisinau. Administrarea documenta\u021biei HR. Vezi aici pe site ...\",\"breadcrumb\":{\"@id\":\"https:\\\/\\\/dad.md\\\/dad-accountant\\\/#breadcrumb\"},\"inLanguage\":\"ro-RO\",\"potentialAction\":[{\"@type\":\"ReadAction\",\"target\":[\"https:\\\/\\\/dad.md\\\/dad-accountant\\\/\"]}]},{\"@type\":\"ImageObject\",\"inLanguage\":\"ro-RO\",\"@id\":\"https:\\\/\\\/dad.md\\\/dad-accountant\\\/#primaryimage\",\"url\":\"https:\\\/\\\/dad.md\\\/dad-accountant\\\/wp-content\\\/uploads\\\/sites\\\/3\\\/2022\\\/03\\\/Servicii-de-contabilitate-in-chisinau-DAD-Accountant..jpg\",\"contentUrl\":\"https:\\\/\\\/dad.md\\\/dad-accountant\\\/wp-content\\\/uploads\\\/sites\\\/3\\\/2022\\\/03\\\/Servicii-de-contabilitate-in-chisinau-DAD-Accountant..jpg\",\"width\":1836,\"height\":903,\"caption\":\"Servicii de contabilitate in chisinau - DAD Accountant.\"},{\"@type\":\"BreadcrumbList\",\"@id\":\"https:\\\/\\\/dad.md\\\/dad-accountant\\\/#breadcrumb\",\"itemListElement\":[{\"@type\":\"ListItem\",\"position\":1,\"name\":\"Home\",\"item\":\"https:\\\/\\\/dad.md\\\/dad-accountant\\\/\"},{\"@type\":\"ListItem\",\"position\":2,\"name\":\"Servicii de contabilitate Chisinau &#8211; DAD Accountant\"}]},{\"@type\":\"WebSite\",\"@id\":\"https:\\\/\\\/dad.md\\\/dad-accountant\\\/#website\",\"url\":\"https:\\\/\\\/dad.md\\\/dad-accountant\\\/\",\"name\":\"Servicii de contabilitate\",\"description\":\"DAD Accountant\",\"potentialAction\":[{\"@type\":\"SearchAction\",\"target\":{\"@type\":\"EntryPoint\",\"urlTemplate\":\"https:\\\/\\\/dad.md\\\/dad-accountant\\\/?s={search_term_string}\"},\"query-input\":{\"@type\":\"PropertyValueSpecification\",\"valueRequired\":true,\"valueName\":\"search_term_string\"}}],\"inLanguage\":\"ro-RO\"}]}<\/script>\n<!-- \/ Yoast SEO plugin. -->","yoast_head_json":{"title":"Servicii de Contabilitate Chisinau - DAD Accountant","description":"Salut, Suntem DAD Accountant, prest\u0103m servicii de contabilitate in Chisinau. Administrarea documenta\u021biei HR. Vezi aici pe site ...","robots":{"index":"index","follow":"follow","max-snippet":"max-snippet:-1","max-image-preview":"max-image-preview:large","max-video-preview":"max-video-preview:-1"},"canonical":"https:\/\/dad.md\/dad-accountant\/","og_locale":"ro_RO","og_type":"article","og_title":"Servicii de Contabilitate Chisinau - DAD Accountant","og_description":"Salut, Suntem DAD Accountant, prest\u0103m servicii de contabilitate in Chisinau. Administrarea documenta\u021biei HR. Vezi aici pe site ...","og_url":"https:\/\/dad.md\/dad-accountant\/","og_site_name":"Servicii de contabilitate","article_publisher":"https:\/\/www.facebook.com\/dadaccountant\/","article_modified_time":"2026-03-25T08:58:00+00:00","og_image":[{"width":1836,"height":903,"url":"https:\/\/dad.md\/dad-accountant\/wp-content\/uploads\/sites\/3\/2022\/03\/Servicii-de-contabilitate-in-chisinau-DAD-Accountant..jpg","type":"image\/jpeg"}],"twitter_card":"summary_large_image","twitter_misc":{"Timp estimat pentru citire":"3 minute"},"schema":{"@context":"https:\/\/schema.org","@graph":[{"@type":"WebPage","@id":"https:\/\/dad.md\/dad-accountant\/","url":"https:\/\/dad.md\/dad-accountant\/","name":"Servicii de Contabilitate Chisinau - DAD Accountant","isPartOf":{"@id":"https:\/\/dad.md\/dad-accountant\/#website"},"primaryImageOfPage":{"@id":"https:\/\/dad.md\/dad-accountant\/#primaryimage"},"image":{"@id":"https:\/\/dad.md\/dad-accountant\/#primaryimage"},"thumbnailUrl":"https:\/\/dad.md\/dad-accountant\/wp-content\/uploads\/sites\/3\/2022\/03\/Servicii-de-contabilitate-in-chisinau-DAD-Accountant..jpg","datePublished":"2020-03-16T08:19:10+00:00","dateModified":"2026-03-25T08:58:00+00:00","description":"Salut, Suntem DAD Accountant, prest\u0103m servicii de contabilitate in Chisinau. Administrarea documenta\u021biei HR. Vezi aici pe site ...","breadcrumb":{"@id":"https:\/\/dad.md\/dad-accountant\/#breadcrumb"},"inLanguage":"ro-RO","potentialAction":[{"@type":"ReadAction","target":["https:\/\/dad.md\/dad-accountant\/"]}]},{"@type":"ImageObject","inLanguage":"ro-RO","@id":"https:\/\/dad.md\/dad-accountant\/#primaryimage","url":"https:\/\/dad.md\/dad-accountant\/wp-content\/uploads\/sites\/3\/2022\/03\/Servicii-de-contabilitate-in-chisinau-DAD-Accountant..jpg","contentUrl":"https:\/\/dad.md\/dad-accountant\/wp-content\/uploads\/sites\/3\/2022\/03\/Servicii-de-contabilitate-in-chisinau-DAD-Accountant..jpg","width":1836,"height":903,"caption":"Servicii de contabilitate in chisinau - DAD Accountant."},{"@type":"BreadcrumbList","@id":"https:\/\/dad.md\/dad-accountant\/#breadcrumb","itemListElement":[{"@type":"ListItem","position":1,"name":"Home","item":"https:\/\/dad.md\/dad-accountant\/"},{"@type":"ListItem","position":2,"name":"Servicii de contabilitate Chisinau &#8211; DAD Accountant"}]},{"@type":"WebSite","@id":"https:\/\/dad.md\/dad-accountant\/#website","url":"https:\/\/dad.md\/dad-accountant\/","name":"Servicii de contabilitate","description":"DAD Accountant","potentialAction":[{"@type":"SearchAction","target":{"@type":"EntryPoint","urlTemplate":"https:\/\/dad.md\/dad-accountant\/?s={search_term_string}"},"query-input":{"@type":"PropertyValueSpecification","valueRequired":true,"valueName":"search_term_string"}}],"inLanguage":"ro-RO"}]}},"_links":{"self":[{"href":"https:\/\/dad.md\/dad-accountant\/wp-json\/wp\/v2\/pages\/7","targetHints":{"allow":["GET"]}}],"collection":[{"href":"https:\/\/dad.md\/dad-accountant\/wp-json\/wp\/v2\/pages"}],"about":[{"href":"https:\/\/dad.md\/dad-accountant\/wp-json\/wp\/v2\/types\/page"}],"author":[{"embeddable":true,"href":"https:\/\/dad.md\/dad-accountant\/wp-json\/wp\/v2\/users\/1"}],"replies":[{"embeddable":true,"href":"https:\/\/dad.md\/dad-accountant\/wp-json\/wp\/v2\/comments?post=7"}],"version-history":[{"count":202,"href":"https:\/\/dad.md\/dad-accountant\/wp-json\/wp\/v2\/pages\/7\/revisions"}],"predecessor-version":[{"id":4500,"href":"https:\/\/dad.md\/dad-accountant\/wp-json\/wp\/v2\/pages\/7\/revisions\/4500"}],"wp:featuredmedia":[{"embeddable":true,"href":"https:\/\/dad.md\/dad-accountant\/wp-json\/wp\/v2\/media\/2170"}],"wp:attachment":[{"href":"https:\/\/dad.md\/dad-accountant\/wp-json\/wp\/v2\/media?parent=7"}],"curies":[{"name":"wp","href":"https:\/\/api.w.org\/{rel}","templated":true}]}}